{"id":10645,"date":"2024-06-27T10:32:40","date_gmt":"2024-06-27T08:32:40","guid":{"rendered":"https:\/\/behold.mt\/?page_id=10645"},"modified":"2024-06-27T10:33:59","modified_gmt":"2024-06-27T08:33:59","slug":"contributors","status":"publish","type":"page","link":"https:\/\/behold.mt\/en\/contributors\/","title":{"rendered":"Contributors"},"content":{"rendered":"\t\t<div data-elementor-type=\"wp-page\" data-elementor-id=\"10645\" class=\"elementor elementor-10645 elementor-539\" data-elementor-settings=\"[]\">\n\t\t\t\t\t\t\t<div class=\"elementor-section-wrap\">\n\t\t\t\t\t\t\t<section class=\"elementor-section elementor-top-section elementor-element elementor-element-9912dac elementor-section-boxed elementor-section-height-default elementor-section-height-default\" data-id=\"9912dac\" data-element_type=\"section\">\n\t\t\t\t\t\t<div class=\"elementor-container elementor-column-gap-default\">\n\t\t\t\t\t<div class=\"elementor-column elementor-col-100 elementor-top-column elementor-element elementor-element-7e41cad\" data-id=\"7e41cad\" data-element_type=\"column\">\n\t\t\t<div class=\"elementor-widget-wrap elementor-element-populated\">\n\t\t\t\t\t\t\t\t<div class=\"elementor-element elementor-element-77c5299 elementor-widget elementor-widget-heading\" data-id=\"77c5299\" data-element_type=\"widget\" data-widget_type=\"heading.default\">\n\t\t\t\t<div class=\"elementor-widget-container\">\n\t\t\t<h4 class=\"elementor-heading-title elementor-size-default\">Sezzjoni Itlob Permezz tal-Kelma<\/h4>\t\t<\/div>\n\t\t\t\t<\/div>\n\t\t\t\t<div class=\"elementor-element elementor-element-ecf4e21 elementor-widget elementor-widget-text-editor\" data-id=\"ecf4e21\" data-element_type=\"widget\" data-widget_type=\"text-editor.default\">\n\t\t\t\t<div class=\"elementor-widget-container\">\n\t\t\t\t\t<div class=\"elementor-text-editor elementor-clearfix\"><p>Dorianne Buttigieg<\/p><p>Mariella\u00a0 Catania<\/p><p>Juanita Gatt<\/p><p>Manuel Micallef\u00a0<\/p><p>Christine Rossi\u00a0<\/p><p><span style=\"font-weight: 400;\">Bernadette Briffa<\/span><\/p><p><span style=\"font-weight: 400;\">Dorianne Cassar<\/span><\/p><p>Sr Alexandra Chircop FCJ<\/p><p><span style=\"font-weight: 400;\">Edward Wright<\/span><\/p><p>Salvinu Sciriha<\/p><p>Jacqueline Schembri<\/p><\/div>\n\t\t\t\t<\/div>\n\t\t\t\t<\/div>\n\t\t\t\t\t<\/div>\n\t\t<\/div>\n\t\t\t\t\t\t\t<\/div>\n\t\t<\/section>\n\t\t\t\t<section class=\"elementor-section elementor-top-section elementor-element elementor-element-525809d elementor-section-boxed elementor-section-height-default elementor-section-height-default\" data-id=\"525809d\" data-element_type=\"section\">\n\t\t\t\t\t\t<div class=\"elementor-container elementor-column-gap-default\">\n\t\t\t\t\t<div class=\"elementor-column elementor-col-100 elementor-top-column elementor-element elementor-element-9ed0947\" data-id=\"9ed0947\" data-element_type=\"column\">\n\t\t\t<div class=\"elementor-widget-wrap elementor-element-populated\">\n\t\t\t\t\t\t\t\t<div class=\"elementor-element elementor-element-f4154de elementor-widget elementor-widget-spacer\" data-id=\"f4154de\" data-element_type=\"widget\" data-widget_type=\"spacer.default\">\n\t\t\t\t<div class=\"elementor-widget-container\">\n\t\t\t\t\t<div class=\"elementor-spacer\">\n\t\t\t<div class=\"elementor-spacer-inner\"><\/div>\n\t\t<\/div>\n\t\t\t\t<\/div>\n\t\t\t\t<\/div>\n\t\t\t\t<div class=\"elementor-element elementor-element-3efa7de elementor-widget elementor-widget-heading\" data-id=\"3efa7de\" data-element_type=\"widget\" data-widget_type=\"heading.default\">\n\t\t\t\t<div class=\"elementor-widget-container\">\n\t\t\t<h4 class=\"elementor-heading-title elementor-size-default\">Sezzjoni Itlob Permezz tas-Salmi<\/h4>\t\t<\/div>\n\t\t\t\t<\/div>\n\t\t\t\t<div class=\"elementor-element elementor-element-89c78e5 elementor-widget elementor-widget-text-editor\" data-id=\"89c78e5\" data-element_type=\"widget\" data-widget_type=\"text-editor.default\">\n\t\t\t\t<div class=\"elementor-widget-container\">\n\t\t\t\t\t<div class=\"elementor-text-editor elementor-clearfix\"><p>Mariella Catania<\/p><p>Martina Attard<\/p><\/div>\n\t\t\t\t<\/div>\n\t\t\t\t<\/div>\n\t\t\t\t\t<\/div>\n\t\t<\/div>\n\t\t\t\t\t\t\t<\/div>\n\t\t<\/section>\n\t\t\t\t<section class=\"elementor-section elementor-top-section elementor-element elementor-element-2cef90f elementor-section-boxed elementor-section-height-default elementor-section-height-default\" data-id=\"2cef90f\" data-element_type=\"section\">\n\t\t\t\t\t\t<div class=\"elementor-container elementor-column-gap-default\">\n\t\t\t\t\t<div class=\"elementor-column elementor-col-100 elementor-top-column elementor-element elementor-element-86c3e8e\" data-id=\"86c3e8e\" data-element_type=\"column\">\n\t\t\t<div class=\"elementor-widget-wrap elementor-element-populated\">\n\t\t\t\t\t\t\t\t<div class=\"elementor-element elementor-element-b43075b elementor-widget elementor-widget-spacer\" data-id=\"b43075b\" data-element_type=\"widget\" data-widget_type=\"spacer.default\">\n\t\t\t\t<div class=\"elementor-widget-container\">\n\t\t\t\t\t<div class=\"elementor-spacer\">\n\t\t\t<div class=\"elementor-spacer-inner\"><\/div>\n\t\t<\/div>\n\t\t\t\t<\/div>\n\t\t\t\t<\/div>\n\t\t\t\t<div class=\"elementor-element elementor-element-8aa6ee4 elementor-widget elementor-widget-heading\" data-id=\"8aa6ee4\" data-element_type=\"widget\" data-widget_type=\"heading.default\">\n\t\t\t\t<div class=\"elementor-widget-container\">\n\t\t\t<h4 class=\"elementor-heading-title elementor-size-default\">O\u0127ro\u0121 u Itlob<\/h4>\t\t<\/div>\n\t\t\t\t<\/div>\n\t\t\t\t<div class=\"elementor-element elementor-element-f4491bf elementor-widget elementor-widget-text-editor\" data-id=\"f4491bf\" data-element_type=\"widget\" data-widget_type=\"text-editor.default\">\n\t\t\t\t<div class=\"elementor-widget-container\">\n\t\t\t\t\t<div class=\"elementor-text-editor elementor-clearfix\"><p>Dun Gilbert Scicluna<\/p><p>Andr\u00e9 Psaila<\/p><\/div>\n\t\t\t\t<\/div>\n\t\t\t\t<\/div>\n\t\t\t\t\t<\/div>\n\t\t<\/div>\n\t\t\t\t\t\t\t<\/div>\n\t\t<\/section>\n\t\t\t\t<section class=\"elementor-section elementor-top-section elementor-element elementor-element-167c087 elementor-section-boxed elementor-section-height-default elementor-section-height-default\" data-id=\"167c087\" data-element_type=\"section\">\n\t\t\t\t\t\t<div class=\"elementor-container elementor-column-gap-default\">\n\t\t\t\t\t<div class=\"elementor-column elementor-col-100 elementor-top-column elementor-element elementor-element-91c9c8b\" data-id=\"91c9c8b\" data-element_type=\"column\">\n\t\t\t<div class=\"elementor-widget-wrap elementor-element-populated\">\n\t\t\t\t\t\t\t\t<div class=\"elementor-element elementor-element-054f5a7 elementor-widget elementor-widget-spacer\" data-id=\"054f5a7\" data-element_type=\"widget\" data-widget_type=\"spacer.default\">\n\t\t\t\t<div class=\"elementor-widget-container\">\n\t\t\t\t\t<div class=\"elementor-spacer\">\n\t\t\t<div class=\"elementor-spacer-inner\"><\/div>\n\t\t<\/div>\n\t\t\t\t<\/div>\n\t\t\t\t<\/div>\n\t\t\t\t<div class=\"elementor-element elementor-element-16f3952 elementor-widget elementor-widget-heading\" data-id=\"16f3952\" data-element_type=\"widget\" data-widget_type=\"heading.default\">\n\t\t\t\t<div class=\"elementor-widget-container\">\n\t\t\t<h4 class=\"elementor-heading-title elementor-size-default\">Sezzjoni Itlob Permezz tal-Arti<\/h4>\t\t<\/div>\n\t\t\t\t<\/div>\n\t\t\t\t<div class=\"elementor-element elementor-element-280cd35 elementor-widget elementor-widget-text-editor\" data-id=\"280cd35\" data-element_type=\"widget\" data-widget_type=\"text-editor.default\">\n\t\t\t\t<div class=\"elementor-widget-container\">\n\t\t\t\t\t<div class=\"elementor-text-editor elementor-clearfix\"><p>Dun Sinclair Bugeja\u00a0\u00a0<\/p><p>Dun Gilbert Scicluna<\/p><\/div>\n\t\t\t\t<\/div>\n\t\t\t\t<\/div>\n\t\t\t\t\t<\/div>\n\t\t<\/div>\n\t\t\t\t\t\t\t<\/div>\n\t\t<\/section>\n\t\t\t\t<section class=\"elementor-section elementor-top-section elementor-element elementor-element-d7de340 elementor-section-boxed elementor-section-height-default elementor-section-height-default\" data-id=\"d7de340\" data-element_type=\"section\">\n\t\t\t\t\t\t<div class=\"elementor-container elementor-column-gap-default\">\n\t\t\t\t\t<div class=\"elementor-column elementor-col-100 elementor-top-column elementor-element elementor-element-bfb8952\" data-id=\"bfb8952\" data-element_type=\"column\">\n\t\t\t<div class=\"elementor-widget-wrap elementor-element-populated\">\n\t\t\t\t\t\t\t\t<div class=\"elementor-element elementor-element-b6441db elementor-widget elementor-widget-spacer\" data-id=\"b6441db\" data-element_type=\"widget\" data-widget_type=\"spacer.default\">\n\t\t\t\t<div class=\"elementor-widget-container\">\n\t\t\t\t\t<div class=\"elementor-spacer\">\n\t\t\t<div class=\"elementor-spacer-inner\"><\/div>\n\t\t<\/div>\n\t\t\t\t<\/div>\n\t\t\t\t<\/div>\n\t\t\t\t<div class=\"elementor-element elementor-element-71601af elementor-widget elementor-widget-heading\" data-id=\"71601af\" data-element_type=\"widget\" data-widget_type=\"heading.default\">\n\t\t\t\t<div class=\"elementor-widget-container\">\n\t\t\t<h4 class=\"elementor-heading-title elementor-size-default\">Artikli - Litur\u0121ija<\/h4>\t\t<\/div>\n\t\t\t\t<\/div>\n\t\t\t\t<div class=\"elementor-element elementor-element-7469096 elementor-widget elementor-widget-text-editor\" data-id=\"7469096\" data-element_type=\"widget\" data-widget_type=\"text-editor.default\">\n\t\t\t\t<div class=\"elementor-widget-container\">\n\t\t\t\t\t<div class=\"elementor-text-editor elementor-clearfix\"><p>Dun Osmar Baldacchino<\/p><p>Manuel Micallef<\/p><p>Dun Gilbert Scicluna<\/p><\/div>\n\t\t\t\t<\/div>\n\t\t\t\t<\/div>\n\t\t\t\t\t<\/div>\n\t\t<\/div>\n\t\t\t\t\t\t\t<\/div>\n\t\t<\/section>\n\t\t\t\t<section class=\"elementor-section elementor-top-section elementor-element elementor-element-a2332f1 elementor-section-boxed elementor-section-height-default elementor-section-height-default\" data-id=\"a2332f1\" data-element_type=\"section\">\n\t\t\t\t\t\t<div class=\"elementor-container elementor-column-gap-default\">\n\t\t\t\t\t<div class=\"elementor-column elementor-col-100 elementor-top-column elementor-element elementor-element-2f8f21a\" data-id=\"2f8f21a\" data-element_type=\"column\">\n\t\t\t<div class=\"elementor-widget-wrap elementor-element-populated\">\n\t\t\t\t\t\t\t\t<div class=\"elementor-element elementor-element-0896f70 elementor-widget elementor-widget-spacer\" data-id=\"0896f70\" data-element_type=\"widget\" data-widget_type=\"spacer.default\">\n\t\t\t\t<div class=\"elementor-widget-container\">\n\t\t\t\t\t<div class=\"elementor-spacer\">\n\t\t\t<div class=\"elementor-spacer-inner\"><\/div>\n\t\t<\/div>\n\t\t\t\t<\/div>\n\t\t\t\t<\/div>\n\t\t\t\t<div class=\"elementor-element elementor-element-174d146 elementor-widget elementor-widget-heading\" data-id=\"174d146\" data-element_type=\"widget\" data-widget_type=\"heading.default\">\n\t\t\t\t<div class=\"elementor-widget-container\">\n\t\t\t<h4 class=\"elementor-heading-title elementor-size-default\">Artikli - Skrittura<\/h4>\t\t<\/div>\n\t\t\t\t<\/div>\n\t\t\t\t<div class=\"elementor-element elementor-element-50db409 elementor-widget elementor-widget-text-editor\" data-id=\"50db409\" data-element_type=\"widget\" data-widget_type=\"text-editor.default\">\n\t\t\t\t<div class=\"elementor-widget-container\">\n\t\t\t\t\t<div class=\"elementor-text-editor elementor-clearfix\"><p>Dun Sinclair Bugeja<\/p><p>Dun Peter Ellul<\/p><p>Dun James Saydon<\/p><p>Dun Paul Sciberras<\/p><\/div>\n\t\t\t\t<\/div>\n\t\t\t\t<\/div>\n\t\t\t\t\t<\/div>\n\t\t<\/div>\n\t\t\t\t\t\t\t<\/div>\n\t\t<\/section>\n\t\t\t\t<section class=\"elementor-section elementor-top-section elementor-element elementor-element-03a3e42 elementor-section-boxed elementor-section-height-default elementor-section-height-default\" data-id=\"03a3e42\" data-element_type=\"section\">\n\t\t\t\t\t\t<div class=\"elementor-container elementor-column-gap-default\">\n\t\t\t\t\t<div class=\"elementor-column elementor-col-100 elementor-top-column elementor-element elementor-element-c391970\" data-id=\"c391970\" data-element_type=\"column\">\n\t\t\t<div class=\"elementor-widget-wrap elementor-element-populated\">\n\t\t\t\t\t\t\t\t<div class=\"elementor-element elementor-element-c2e31c0 elementor-widget elementor-widget-spacer\" data-id=\"c2e31c0\" data-element_type=\"widget\" data-widget_type=\"spacer.default\">\n\t\t\t\t<div class=\"elementor-widget-container\">\n\t\t\t\t\t<div class=\"elementor-spacer\">\n\t\t\t<div class=\"elementor-spacer-inner\"><\/div>\n\t\t<\/div>\n\t\t\t\t<\/div>\n\t\t\t\t<\/div>\n\t\t\t\t<div class=\"elementor-element elementor-element-7976fcf elementor-widget elementor-widget-heading\" data-id=\"7976fcf\" data-element_type=\"widget\" data-widget_type=\"heading.default\">\n\t\t\t\t<div class=\"elementor-widget-container\">\n\t\t\t<h4 class=\"elementor-heading-title elementor-size-default\">Artikli - Kultura<\/h4>\t\t<\/div>\n\t\t\t\t<\/div>\n\t\t\t\t<div class=\"elementor-element elementor-element-f943d28 elementor-widget elementor-widget-text-editor\" data-id=\"f943d28\" data-element_type=\"widget\" data-widget_type=\"text-editor.default\">\n\t\t\t\t<div class=\"elementor-widget-container\">\n\t\t\t\t\t<div class=\"elementor-text-editor elementor-clearfix\"><p>Dun Jean Claude Attard<\/p><p>Dun Gilbert Scicluna<\/p><p>Manuel Abdilla<\/p><\/div>\n\t\t\t\t<\/div>\n\t\t\t\t<\/div>\n\t\t\t\t\t<\/div>\n\t\t<\/div>\n\t\t\t\t\t\t\t<\/div>\n\t\t<\/section>\n\t\t\t\t<section class=\"elementor-section elementor-top-section elementor-element elementor-element-9eeaae2 elementor-section-boxed elementor-section-height-default elementor-section-height-default\" data-id=\"9eeaae2\" data-element_type=\"section\">\n\t\t\t\t\t\t<div class=\"elementor-container elementor-column-gap-default\">\n\t\t\t\t\t<div class=\"elementor-column elementor-col-100 elementor-top-column elementor-element elementor-element-6129ad6\" data-id=\"6129ad6\" data-element_type=\"column\">\n\t\t\t<div class=\"elementor-widget-wrap elementor-element-populated\">\n\t\t\t\t\t\t\t\t<div class=\"elementor-element elementor-element-facd380 elementor-widget elementor-widget-spacer\" data-id=\"facd380\" data-element_type=\"widget\" data-widget_type=\"spacer.default\">\n\t\t\t\t<div class=\"elementor-widget-container\">\n\t\t\t\t\t<div class=\"elementor-spacer\">\n\t\t\t<div class=\"elementor-spacer-inner\"><\/div>\n\t\t<\/div>\n\t\t\t\t<\/div>\n\t\t\t\t<\/div>\n\t\t\t\t<div class=\"elementor-element elementor-element-5bd9318 elementor-widget elementor-widget-heading\" data-id=\"5bd9318\" data-element_type=\"widget\" data-widget_type=\"heading.default\">\n\t\t\t\t<div class=\"elementor-widget-container\">\n\t\t\t<h4 class=\"elementor-heading-title elementor-size-default\">Sezzjoni Talb<\/h4>\t\t<\/div>\n\t\t\t\t<\/div>\n\t\t\t\t<div class=\"elementor-element elementor-element-2ba2571 elementor-widget elementor-widget-text-editor\" data-id=\"2ba2571\" data-element_type=\"widget\" data-widget_type=\"text-editor.default\">\n\t\t\t\t<div class=\"elementor-widget-container\">\n\t\t\t\t\t<div class=\"elementor-text-editor elementor-clearfix\"><\/div>\n\t\t\t\t<\/div>\n\t\t\t\t<\/div>\n\t\t\t\t\t<\/div>\n\t\t<\/div>\n\t\t\t\t\t\t\t<\/div>\n\t\t<\/section>\n\t\t\t\t<section class=\"elementor-section elementor-top-section elementor-element elementor-element-a4dca53 elementor-section-boxed elementor-section-height-default elementor-section-height-default\" data-id=\"a4dca53\" data-element_type=\"section\">\n\t\t\t\t\t\t<div class=\"elementor-container elementor-column-gap-default\">\n\t\t\t\t\t<div class=\"elementor-column elementor-col-100 elementor-top-column elementor-element elementor-element-aac41d9\" data-id=\"aac41d9\" data-element_type=\"column\">\n\t\t\t<div class=\"elementor-widget-wrap elementor-element-populated\">\n\t\t\t\t\t\t\t\t<div class=\"elementor-element elementor-element-cb6d3d8 elementor-widget elementor-widget-spacer\" data-id=\"cb6d3d8\" data-element_type=\"widget\" data-widget_type=\"spacer.default\">\n\t\t\t\t<div class=\"elementor-widget-container\">\n\t\t\t\t\t<div class=\"elementor-spacer\">\n\t\t\t<div class=\"elementor-spacer-inner\"><\/div>\n\t\t<\/div>\n\t\t\t\t<\/div>\n\t\t\t\t<\/div>\n\t\t\t\t<div class=\"elementor-element elementor-element-e5eedb0 elementor-widget elementor-widget-heading\" data-id=\"e5eedb0\" data-element_type=\"widget\" data-widget_type=\"heading.default\">\n\t\t\t\t<div class=\"elementor-widget-container\">\n\t\t\t<h4 class=\"elementor-heading-title elementor-size-default\">Sezzjoni Mu\u017cika<\/h4>\t\t<\/div>\n\t\t\t\t<\/div>\n\t\t\t\t<div class=\"elementor-element elementor-element-c1e01dd elementor-widget elementor-widget-text-editor\" data-id=\"c1e01dd\" data-element_type=\"widget\" data-widget_type=\"text-editor.default\">\n\t\t\t\t<div class=\"elementor-widget-container\">\n\t\t\t\t\t<div class=\"elementor-text-editor elementor-clearfix\"><p>Mariella Catania<\/p><\/div>\n\t\t\t\t<\/div>\n\t\t\t\t<\/div>\n\t\t\t\t\t<\/div>\n\t\t<\/div>\n\t\t\t\t\t\t\t<\/div>\n\t\t<\/section>\n\t\t\t\t\t\t<\/div>\n\t\t\t\t\t<\/div>\n\t\t","protected":false},"excerpt":{"rendered":"<p>Sezzjoni Itlob Permezz tal-Kelma <\/p>\n<p>Dorianne Buttigieg<\/p>\n<p>Mariella\u00a0 Catania<\/p>\n<p>Juanita Gatt<\/p>\n<p>Manuel Micallef\u00a0<\/p>\n<p>Christine Rossi\u00a0<\/p>\n<p>Bernadette Briffa<\/p>\n<p>Dorianne Cassar<\/p>\n<p>Sr Alexandra Chircop FCJ<\/p>\n<p>Edward Wright<\/p>\n<p>Salvinu Sciriha<\/p>\n<p>Jacqueline Schembri<\/p>\n<p> Sezzjoni Itlob Permezz tas-Salmi <\/p>\n<p>Mariella Catania<\/p>\n<p>Martina Attard<\/p>\n<p> O\u0127ro\u0121 u Itlob <\/p>\n<p>Dun Gilbert Scicluna<\/p>\n<p>Andr\u00e9 Psaila<\/p>\n<p> Sezzjoni Itlob Permezz tal-Arti <\/p>\n<p>Dun Sinclair Bugeja\u00a0\u00a0<\/p>\n<p>Dun Gilbert Scicluna<\/p>\n<p> Artikli &#8211; Litur\u0121ija <\/p>\n<p>Dun Osmar Baldacchino<\/p>\n<p>Manuel Micallef<\/p>\n<p>Dun Gilbert Scicluna<\/p>\n<p> Artikli &#8211; Skrittura <\/p>\n<p>Dun Sinclair Bugeja<\/p>\n<p>Dun Peter Ellul<\/p>\n<p>Dun James Saydon<\/p>\n<p>Dun Paul Sciberras<\/p>\n<p> Artikli &#8211; Kultura <\/p>\n<p>Dun Jean Claude Attard<\/p>\n<p>Dun Gilbert Scicluna<\/p>\n<p>Manuel Abdilla<\/p>\n<p> Sezzjoni Talb Sezzjoni Mu\u017cika <\/p>\n<p>Mariella Catania <a href=\"https:\/\/behold.mt\/en\/contributors\/\">Read more&#160;&raquo;<\/a><\/p>\n<p>  &#8230;<\/p>\n","protected":false},"author":1,"featured_media":0,"parent":0,"menu_order":0,"comment_status":"closed","ping_status":"closed","template":"","meta":{"kt_blocks_editor_width":""},"yoast_head":"<!-- This site is optimized with the Yoast SEO Premium plugin v16.4 (Yoast SEO v16.4) - https:\/\/yoast.com\/wordpress\/plugins\/seo\/ -->\n<title>Contributors - Behold<\/title>\n<meta name=\"robots\" content=\"index, follow, max-snippet:-1, max-image-preview:large, max-video-preview:-1\" \/>\n<link rel=\"canonical\" href=\"https:\/\/behold.mt\/en\/contributors\/\" \/>\n<meta property=\"og:locale\" content=\"en_US\" \/>\n<meta property=\"og:type\" content=\"article\" \/>\n<meta property=\"og:title\" content=\"Contributors - Behold\" \/>\n<meta property=\"og:description\" content=\"Sezzjoni Itlob Permezz tal-Kelma Dorianne Buttigieg Mariella\u00a0 Catania Juanita Gatt Manuel Micallef\u00a0 Christine Rossi\u00a0 Bernadette Briffa Dorianne Cassar Sr Alexandra Chircop FCJ Edward Wright Salvinu Sciriha Jacqueline Schembri Sezzjoni Itlob Permezz tas-Salmi Mariella Catania Martina Attard O\u0127ro\u0121 u Itlob Dun Gilbert Scicluna Andr\u00e9 Psaila Sezzjoni Itlob Permezz tal-Arti Dun Sinclair Bugeja\u00a0\u00a0 Dun Gilbert Scicluna Artikli &#8211; Litur\u0121ija Dun Osmar Baldacchino Manuel Micallef Dun Gilbert Scicluna Artikli &#8211; Skrittura Dun Sinclair Bugeja Dun Peter Ellul Dun James Saydon Dun Paul Sciberras Artikli &#8211; Kultura Dun Jean Claude Attard Dun Gilbert Scicluna Manuel Abdilla Sezzjoni Talb Sezzjoni Mu\u017cika Mariella Catania Read more&#160;&raquo; ...\" \/>\n<meta property=\"og:url\" content=\"https:\/\/behold.mt\/en\/contributors\/\" \/>\n<meta property=\"og:site_name\" content=\"Behold\" \/>\n<meta property=\"article:modified_time\" content=\"2024-06-27T08:33:59+00:00\" \/>\n<meta name=\"twitter:card\" content=\"summary_large_image\" \/>\n<meta name=\"twitter:label1\" content=\"Est. reading time\" \/>\n\t<meta name=\"twitter:data1\" content=\"1 minute\" \/>\n<script type=\"application\/ld+json\" class=\"yoast-schema-graph\">{\"@context\":\"https:\/\/schema.org\",\"@graph\":[{\"@type\":\"WebSite\",\"@id\":\"https:\/\/behold.mt\/#website\",\"url\":\"https:\/\/behold.mt\/\",\"name\":\"Behold\",\"description\":\"Archdiocese of Malta\",\"potentialAction\":[{\"@type\":\"SearchAction\",\"target\":\"https:\/\/behold.mt\/?s={search_term_string}\",\"query-input\":\"required name=search_term_string\"}],\"inLanguage\":\"en-US\"},{\"@type\":\"WebPage\",\"@id\":\"https:\/\/behold.mt\/en\/contributors\/#webpage\",\"url\":\"https:\/\/behold.mt\/en\/contributors\/\",\"name\":\"Contributors - Behold\",\"isPartOf\":{\"@id\":\"https:\/\/behold.mt\/#website\"},\"datePublished\":\"2024-06-27T08:32:40+00:00\",\"dateModified\":\"2024-06-27T08:33:59+00:00\",\"breadcrumb\":{\"@id\":\"https:\/\/behold.mt\/en\/contributors\/#breadcrumb\"},\"inLanguage\":\"en-US\",\"potentialAction\":[{\"@type\":\"ReadAction\",\"target\":[\"https:\/\/behold.mt\/en\/contributors\/\"]}]},{\"@type\":\"BreadcrumbList\",\"@id\":\"https:\/\/behold.mt\/en\/contributors\/#breadcrumb\",\"itemListElement\":[{\"@type\":\"ListItem\",\"position\":1,\"item\":{\"@type\":\"WebPage\",\"@id\":\"https:\/\/behold.mt\/en\/\",\"url\":\"https:\/\/behold.mt\/en\/\",\"name\":\"Home\"}},{\"@type\":\"ListItem\",\"position\":2,\"item\":{\"@id\":\"https:\/\/behold.mt\/en\/contributors\/#webpage\"}}]}]}<\/script>\n<!-- \/ Yoast SEO Premium plugin. -->","_links":{"self":[{"href":"https:\/\/behold.mt\/en\/wp-json\/wp\/v2\/pages\/10645"}],"collection":[{"href":"https:\/\/behold.mt\/en\/wp-json\/wp\/v2\/pages"}],"about":[{"href":"https:\/\/behold.mt\/en\/wp-json\/wp\/v2\/types\/page"}],"author":[{"embeddable":true,"href":"https:\/\/behold.mt\/en\/wp-json\/wp\/v2\/users\/1"}],"replies":[{"embeddable":true,"href":"https:\/\/behold.mt\/en\/wp-json\/wp\/v2\/comments?post=10645"}],"version-history":[{"count":4,"href":"https:\/\/behold.mt\/en\/wp-json\/wp\/v2\/pages\/10645\/revisions"}],"predecessor-version":[{"id":10649,"href":"https:\/\/behold.mt\/en\/wp-json\/wp\/v2\/pages\/10645\/revisions\/10649"}],"wp:attachment":[{"href":"https:\/\/behold.mt\/en\/wp-json\/wp\/v2\/media?parent=10645"}],"curies":[{"name":"wp","href":"https:\/\/api.w.org\/{rel}","templated":true}]}}